{"id":46,"date":"2025-11-13T22:24:55","date_gmt":"2025-11-13T22:24:55","guid":{"rendered":"https:\/\/mhpenalistas.com\/?page_id=46"},"modified":"2025-11-15T00:55:56","modified_gmt":"2025-11-15T00:55:56","slug":"contacto","status":"publish","type":"page","link":"https:\/\/mhpenalistas.com\/en\/contacto\/","title":{"rendered":"Contact"},"content":{"rendered":"<div data-elementor-type=\"wp-page\" data-elementor-id=\"46\" class=\"elementor elementor-46\" data-elementor-post-type=\"page\">\n\t\t\t\t<div class=\"elementor-element elementor-element-f7c82a8 e-flex e-con-boxed e-con e-parent\" data-id=\"f7c82a8\" data-element_type=\"container\" data-e-type=\"container\" data-settings=\"{&quot;background_background&quot;:&quot;classic&quot;}\">\n\t\t\t\t\t<div class=\"e-con-inner\">\n\t\t\t\t<div class=\"elementor-element elementor-element-1524ea2 elementor-widget__width-inherit elementor-widget-tablet__width-initial elementor-widget elementor-widget-image-box\" data-id=\"1524ea2\" data-element_type=\"widget\" data-e-type=\"widget\" data-widget_type=\"image-box.default\">\n\t\t\t\t\t<div class=\"elementor-image-box-wrapper\"><div class=\"elementor-image-box-content\"><h3 class=\"elementor-image-box-title\">Contact<\/h3><p class=\"elementor-image-box-description\">If you require more information about any of our services, or legal advice, write to us or call us to schedule a meeting so we can help you.<\/p><\/div><\/div>\t\t\t\t<\/div>\n\t\t\t\t<div class=\"elementor-element elementor-element-2783c42 elementor-widget__width-initial elementor-widget-mobile__width-inherit elementor-button-align-stretch elementor-widget elementor-widget-form\" data-id=\"2783c42\" data-element_type=\"widget\" data-e-type=\"widget\" data-settings=\"{&quot;step_next_label&quot;:&quot;Next&quot;,&quot;step_previous_label&quot;:&quot;Previous&quot;,&quot;button_width&quot;:&quot;100&quot;,&quot;step_type&quot;:&quot;number_text&quot;,&quot;step_icon_shape&quot;:&quot;circle&quot;}\" data-widget_type=\"form.default\">\n\t\t\t\t\t\t\t<form class=\"elementor-form\" method=\"post\" name=\"Formulario Contacto\" aria-label=\"Formulario Contacto\" action=\"\">\n\t\t\t<input type=\"hidden\" name=\"post_id\" value=\"46\"\/>\n\t\t\t<input type=\"hidden\" name=\"form_id\" value=\"2783c42\"\/>\n\t\t\t<input type=\"hidden\" name=\"referer_title\" value=\"Contacto - mhpenalistas.com\" \/>\n\n\t\t\t\t\t\t\t<input type=\"hidden\" name=\"queried_id\" value=\"46\"\/>\n\t\t\t\n\t\t\t<div class=\"elementor-form-fields-wrapper elementor-labels-\">\n\t\t\t\t\t\t\t\t<div class=\"elementor-field-type-text elementor-field-group elementor-column elementor-field-group-name elementor-col-50\">\n\t\t\t\t\t\t\t\t\t\t\t\t<label for=\"form-field-name\" class=\"elementor-field-label elementor-screen-only\">\n\t\t\t\t\t\t\t\tName\t\t\t\t\t\t\t<\/label>\n\t\t\t\t\t\t\t\t\t\t\t\t\t\t<input size=\"1\" type=\"text\" name=\"form_fields[name]\" id=\"form-field-name\" class=\"elementor-field elementor-size-sm  elementor-field-textual\" placeholder=\"Name\">\n\t\t\t\t\t\t\t\t\t\t\t<\/div>\n\t\t\t\t\t\t\t\t<div class=\"elementor-field-type-email elementor-field-group elementor-column elementor-field-group-email elementor-col-50 elementor-field-required\">\n\t\t\t\t\t\t\t\t\t\t\t\t<label for=\"form-field-email\" class=\"elementor-field-label elementor-screen-only\">\n\t\t\t\t\t\t\t\tEmail\t\t\t\t\t\t\t<\/label>\n\t\t\t\t\t\t\t\t\t\t\t\t\t\t<input size=\"1\" type=\"email\" name=\"form_fields[email]\" id=\"form-field-email\" class=\"elementor-field elementor-size-sm  elementor-field-textual\" placeholder=\"Email\" required=\"required\">\n\t\t\t\t\t\t\t\t\t\t\t<\/div>\n\t\t\t\t\t\t\t\t<div class=\"elementor-field-type-textarea elementor-field-group elementor-column elementor-field-group-message elementor-col-100\">\n\t\t\t\t\t\t\t\t\t\t\t\t<label for=\"form-field-message\" class=\"elementor-field-label elementor-screen-only\">\n\t\t\t\t\t\t\t\tMessage\t\t\t\t\t\t\t<\/label>\n\t\t\t\t\t\t<textarea class=\"elementor-field-textual elementor-field  elementor-size-sm\" name=\"form_fields[message]\" id=\"form-field-message\" rows=\"10\" placeholder=\"Write your message here\"><\/textarea>\t\t\t\t<\/div>\n\t\t\t\t\t\t\t\t<div class=\"elementor-field-group elementor-column elementor-field-type-submit elementor-col-100 e-form__buttons\">\n\t\t\t\t\t<button class=\"elementor-button elementor-size-md\" type=\"submit\">\n\t\t\t\t\t\t<span class=\"elementor-button-content-wrapper\">\n\t\t\t\t\t\t\t\t\t\t\t\t\t\t\t\t\t\t\t\t\t\t<span class=\"elementor-button-text\">Send<\/span>\n\t\t\t\t\t\t\t\t\t\t\t\t\t<\/span>\n\t\t\t\t\t<\/button>\n\t\t\t\t<\/div>\n\t\t\t<\/div>\n\t\t<input type=\"hidden\" name=\"trp-form-language\" value=\"en\"\/><\/form>\n\t\t\t\t\t\t<\/div>\n\t\t\t\t<div class=\"elementor-element elementor-element-1b6a023 elementor-widget__width-initial elementor-widget elementor-widget-text-editor\" data-id=\"1b6a023\" data-element_type=\"widget\" data-e-type=\"widget\" data-widget_type=\"text-editor.default\">\n\t\t\t\t\t\t\t\t\t<p><strong>Address:<\/strong><br \/>Calle Goethe 31, colonia Anzures, Alcald\u00eda Miguel Hidalgo, C.P11590, CDMX.<\/p><p><strong>Email\u00a0<\/strong><br \/>Alejandro@montoyaabogados.com.mx<br \/>gerardo@montoyaabogados.com.mx<\/p><p><strong>Phone\u00a0<\/strong><br \/>(55) 66721993<\/p>\t\t\t\t\t\t\t\t<\/div>\n\t\t\t\t\t<\/div>\n\t\t\t\t<\/div>\n\t\t\t\t<\/div>","protected":false},"excerpt":{"rendered":"<p>CONT\u00c1CTANOS Si requieres de m\u00e1s informaci\u00f3n sobre alguno de nuestros servicios, o asesor\u00eda legal escr\u00edbenos o ll\u00e1manos para coordinar una reuni\u00f3n y as\u00ed\u00a0poder\u00a0ayudarte. Direcci\u00f3n:Calle Goethe 31, colonia Anzures, Alcald\u00eda Miguel Hidalgo, C.P11590, CDMX. Correo electr\u00f3nico:\u00a0Alejandro@montoyaabogados.com.mxgerardo@montoyaabogados.com.mx Contacto:\u00a0(55) 66721993<\/p>","protected":false},"author":1,"featured_media":0,"parent":0,"menu_order":0,"comment_status":"closed","ping_status":"closed","template":"","meta":{"footnotes":""},"class_list":["post-46","page","type-page","status-publish","hentry"],"yoast_head":"<!-- This site is optimized with the Yoast SEO plugin v27.4 - https:\/\/yoast.com\/product\/yoast-seo-wordpress\/ -->\n<title>Contacto - mhpenalistas.com<\/title>\n<meta name=\"robots\" content=\"index, follow, max-snippet:-1, max-image-preview:large, max-video-preview:-1\" \/>\n<link rel=\"canonical\" href=\"https:\/\/mhpenalistas.com\/en\/contacto\/\" \/>\n<meta property=\"og:locale\" content=\"en_US\" \/>\n<meta property=\"og:type\" content=\"article\" \/>\n<meta property=\"og:title\" content=\"Contacto - mhpenalistas.com\" \/>\n<meta property=\"og:description\" content=\"CONT\u00c1CTANOS Si requieres de m\u00e1s informaci\u00f3n sobre alguno de nuestros servicios, o asesor\u00eda legal escr\u00edbenos o ll\u00e1manos para coordinar una reuni\u00f3n y as\u00ed\u00a0poder\u00a0ayudarte. Direcci\u00f3n:Calle Goethe 31, colonia Anzures, Alcald\u00eda Miguel Hidalgo, C.P11590, CDMX. Correo electr\u00f3nico:\u00a0Alejandro@montoyaabogados.com.mxgerardo@montoyaabogados.com.mx Contacto:\u00a0(55) 66721993\" \/>\n<meta property=\"og:url\" content=\"https:\/\/mhpenalistas.com\/en\/contacto\/\" \/>\n<meta property=\"og:site_name\" content=\"mhpenalistas.com\" \/>\n<meta property=\"article:modified_time\" content=\"2025-11-15T00:55:56+00:00\" \/>\n<meta name=\"twitter:card\" content=\"summary_large_image\" \/>\n<meta name=\"twitter:label1\" content=\"Est. reading time\" \/>\n\t<meta name=\"twitter:data1\" content=\"1 minute\" \/>\n<script type=\"application\/ld+json\" class=\"yoast-schema-graph\">{\"@context\":\"https:\\\/\\\/schema.org\",\"@graph\":[{\"@type\":\"WebPage\",\"@id\":\"https:\\\/\\\/mhpenalistas.com\\\/contacto\\\/\",\"url\":\"https:\\\/\\\/mhpenalistas.com\\\/contacto\\\/\",\"name\":\"Contacto - mhpenalistas.com\",\"isPartOf\":{\"@id\":\"https:\\\/\\\/mhpenalistas.com\\\/#website\"},\"datePublished\":\"2025-11-13T22:24:55+00:00\",\"dateModified\":\"2025-11-15T00:55:56+00:00\",\"breadcrumb\":{\"@id\":\"https:\\\/\\\/mhpenalistas.com\\\/contacto\\\/#breadcrumb\"},\"inLanguage\":\"en-US\",\"potentialAction\":[{\"@type\":\"ReadAction\",\"target\":[\"https:\\\/\\\/mhpenalistas.com\\\/contacto\\\/\"]}]},{\"@type\":\"BreadcrumbList\",\"@id\":\"https:\\\/\\\/mhpenalistas.com\\\/contacto\\\/#breadcrumb\",\"itemListElement\":[{\"@type\":\"ListItem\",\"position\":1,\"name\":\"Portada\",\"item\":\"https:\\\/\\\/mhpenalistas.com\\\/\"},{\"@type\":\"ListItem\",\"position\":2,\"name\":\"Contacto\"}]},{\"@type\":\"WebSite\",\"@id\":\"https:\\\/\\\/mhpenalistas.com\\\/#website\",\"url\":\"https:\\\/\\\/mhpenalistas.com\\\/\",\"name\":\"mhpenalistas.com\",\"description\":\"\",\"potentialAction\":[{\"@type\":\"SearchAction\",\"target\":{\"@type\":\"EntryPoint\",\"urlTemplate\":\"https:\\\/\\\/mhpenalistas.com\\\/?s={search_term_string}\"},\"query-input\":{\"@type\":\"PropertyValueSpecification\",\"valueRequired\":true,\"valueName\":\"search_term_string\"}}],\"inLanguage\":\"en-US\"}]}<\/script>\n<!-- \/ Yoast SEO plugin. -->","yoast_head_json":{"title":"Contacto - mhpenalistas.com","robots":{"index":"index","follow":"follow","max-snippet":"max-snippet:-1","max-image-preview":"max-image-preview:large","max-video-preview":"max-video-preview:-1"},"canonical":"https:\/\/mhpenalistas.com\/en\/contacto\/","og_locale":"en_US","og_type":"article","og_title":"Contacto - mhpenalistas.com","og_description":"CONT\u00c1CTANOS Si requieres de m\u00e1s informaci\u00f3n sobre alguno de nuestros servicios, o asesor\u00eda legal escr\u00edbenos o ll\u00e1manos para coordinar una reuni\u00f3n y as\u00ed\u00a0poder\u00a0ayudarte. Direcci\u00f3n:Calle Goethe 31, colonia Anzures, Alcald\u00eda Miguel Hidalgo, C.P11590, CDMX. Correo electr\u00f3nico:\u00a0Alejandro@montoyaabogados.com.mxgerardo@montoyaabogados.com.mx Contacto:\u00a0(55) 66721993","og_url":"https:\/\/mhpenalistas.com\/en\/contacto\/","og_site_name":"mhpenalistas.com","article_modified_time":"2025-11-15T00:55:56+00:00","twitter_card":"summary_large_image","twitter_misc":{"Est. reading time":"1 minute"},"schema":{"@context":"https:\/\/schema.org","@graph":[{"@type":"WebPage","@id":"https:\/\/mhpenalistas.com\/contacto\/","url":"https:\/\/mhpenalistas.com\/contacto\/","name":"Contacto - mhpenalistas.com","isPartOf":{"@id":"https:\/\/mhpenalistas.com\/#website"},"datePublished":"2025-11-13T22:24:55+00:00","dateModified":"2025-11-15T00:55:56+00:00","breadcrumb":{"@id":"https:\/\/mhpenalistas.com\/contacto\/#breadcrumb"},"inLanguage":"en-US","potentialAction":[{"@type":"ReadAction","target":["https:\/\/mhpenalistas.com\/contacto\/"]}]},{"@type":"BreadcrumbList","@id":"https:\/\/mhpenalistas.com\/contacto\/#breadcrumb","itemListElement":[{"@type":"ListItem","position":1,"name":"Portada","item":"https:\/\/mhpenalistas.com\/"},{"@type":"ListItem","position":2,"name":"Contacto"}]},{"@type":"WebSite","@id":"https:\/\/mhpenalistas.com\/#website","url":"https:\/\/mhpenalistas.com\/","name":"mhpenalistas.com","description":"","potentialAction":[{"@type":"SearchAction","target":{"@type":"EntryPoint","urlTemplate":"https:\/\/mhpenalistas.com\/?s={search_term_string}"},"query-input":{"@type":"PropertyValueSpecification","valueRequired":true,"valueName":"search_term_string"}}],"inLanguage":"en-US"}]}},"_links":{"self":[{"href":"https:\/\/mhpenalistas.com\/en\/wp-json\/wp\/v2\/pages\/46","targetHints":{"allow":["GET"]}}],"collection":[{"href":"https:\/\/mhpenalistas.com\/en\/wp-json\/wp\/v2\/pages"}],"about":[{"href":"https:\/\/mhpenalistas.com\/en\/wp-json\/wp\/v2\/types\/page"}],"author":[{"embeddable":true,"href":"https:\/\/mhpenalistas.com\/en\/wp-json\/wp\/v2\/users\/1"}],"replies":[{"embeddable":true,"href":"https:\/\/mhpenalistas.com\/en\/wp-json\/wp\/v2\/comments?post=46"}],"version-history":[{"count":40,"href":"https:\/\/mhpenalistas.com\/en\/wp-json\/wp\/v2\/pages\/46\/revisions"}],"predecessor-version":[{"id":293,"href":"https:\/\/mhpenalistas.com\/en\/wp-json\/wp\/v2\/pages\/46\/revisions\/293"}],"wp:attachment":[{"href":"https:\/\/mhpenalistas.com\/en\/wp-json\/wp\/v2\/media?parent=46"}],"curies":[{"name":"wp","href":"https:\/\/api.w.org\/{rel}","templated":true}]}}