{"id":44,"date":"2025-11-13T22:23:58","date_gmt":"2025-11-13T22:23:58","guid":{"rendered":"https:\/\/mhpenalistas.com\/?page_id=44"},"modified":"2025-11-19T01:08:20","modified_gmt":"2025-11-19T01:08:20","slug":"servicios","status":"publish","type":"page","link":"https:\/\/mhpenalistas.com\/en\/servicios\/","title":{"rendered":"Services"},"content":{"rendered":"<div data-elementor-type=\"wp-page\" data-elementor-id=\"44\" class=\"elementor elementor-44\" data-elementor-post-type=\"page\">\n\t\t\t\t<div class=\"elementor-element elementor-element-bd21c52 e-flex e-con-boxed e-con e-parent\" data-id=\"bd21c52\" data-element_type=\"container\" data-e-type=\"container\">\n\t\t\t\t\t<div class=\"e-con-inner\">\n\t\t\t\t<div class=\"elementor-element elementor-element-bb910fe elementor-widget__width-inherit elementor-widget-mobile__width-inherit elementor-widget elementor-widget-heading\" data-id=\"bb910fe\" data-element_type=\"widget\" data-e-type=\"widget\" data-widget_type=\"heading.default\">\n\t\t\t\t\t<h1 class=\"elementor-heading-title elementor-size-default\">our services<\/h1>\t\t\t\t<\/div>\n\t\t\t\t<div class=\"elementor-element elementor-element-a5ba0ca elementor-widget__width-initial elementor-widget-mobile__width-inherit elementor-invisible elementor-widget elementor-widget-image\" data-id=\"a5ba0ca\" data-element_type=\"widget\" data-e-type=\"widget\" data-settings=\"{&quot;_animation&quot;:&quot;fadeInRight&quot;}\" data-widget_type=\"image.default\">\n\t\t\t\t\t\t\t\t\t\t\t\t\t\t\t<img fetchpriority=\"high\" decoding=\"async\" width=\"752\" height=\"460\" src=\"https:\/\/mhpenalistas.com\/wp-content\/uploads\/2025\/11\/Servicio-1.webp\" class=\"attachment-full size-full wp-image-179\" alt=\"Derecho penal corporativo y cumplimiento normativo\" srcset=\"https:\/\/mhpenalistas.com\/wp-content\/uploads\/2025\/11\/Servicio-1.webp 752w, https:\/\/mhpenalistas.com\/wp-content\/uploads\/2025\/11\/Servicio-1-300x184.webp 300w\" sizes=\"(max-width: 752px) 100vw, 752px\" \/>\t\t\t\t\t\t\t\t\t\t\t\t\t\t\t<\/div>\n\t\t\t\t<div class=\"elementor-element elementor-element-a78763e elementor-widget__width-initial elementor-invisible elementor-widget elementor-widget-heading\" data-id=\"a78763e\" data-element_type=\"widget\" data-e-type=\"widget\" data-settings=\"{&quot;_animation&quot;:&quot;fadeInLeft&quot;}\" data-widget_type=\"heading.default\">\n\t\t\t\t\t<h2 class=\"elementor-heading-title elementor-size-default\">Corporate Criminal Law and Compliance<\/h2>\t\t\t\t<\/div>\n\t\t\t\t<div class=\"elementor-element elementor-element-df874a7 elementor-widget elementor-widget-text-editor\" data-id=\"df874a7\" data-element_type=\"widget\" data-e-type=\"widget\" data-settings=\"{&quot;_animation&quot;:&quot;none&quot;}\" data-widget_type=\"text-editor.default\">\n\t\t\t\t\t\t\t\t\t<p>At MH Criminal Defense Attorneys, we have a well-established practice in Corporate Criminal Law, focused on identifying, managing, and preventing criminal risks in business environments. <br \/><br \/>Since the 2008 constitutional reform and the 2016 implementation of autonomous criminal liability for legal entities, companies may now be held criminally responsible for deficiencies in their organizational models, internal controls, or failure to exercise due diligence. <br \/><br \/>We provide specialized technical advisory to national and international corporations in the design, implementation, and auditing of criminal compliance programs, in strict accordance with Mexican law and international corporate governance standards, including ISO guidelines and global integrity frameworks.<\/p>\t\t\t\t\t\t\t\t<\/div>\n\t\t\t\t\t<\/div>\n\t\t\t\t<\/div>\n\t\t<div class=\"elementor-element elementor-element-4f554c1 e-flex e-con-boxed e-con e-parent\" data-id=\"4f554c1\" data-element_type=\"container\" data-e-type=\"container\">\n\t\t\t\t\t<div class=\"e-con-inner\">\n\t\t\t\t<div class=\"elementor-element elementor-element-a21089d elementor-widget__width-initial elementor-invisible elementor-widget elementor-widget-image\" data-id=\"a21089d\" data-element_type=\"widget\" data-e-type=\"widget\" data-settings=\"{&quot;_animation&quot;:&quot;fadeInLeft&quot;}\" data-widget_type=\"image.default\">\n\t\t\t\t\t\t\t\t\t\t\t\t\t\t\t<img decoding=\"async\" width=\"753\" height=\"462\" src=\"https:\/\/mhpenalistas.com\/wp-content\/uploads\/2025\/11\/Servicio-2.webp\" class=\"attachment-full size-full wp-image-180\" alt=\"Asesor\u00eda Penal a V\u00edctimas del Delito:\" srcset=\"https:\/\/mhpenalistas.com\/wp-content\/uploads\/2025\/11\/Servicio-2.webp 753w, https:\/\/mhpenalistas.com\/wp-content\/uploads\/2025\/11\/Servicio-2-300x184.webp 300w\" sizes=\"(max-width: 753px) 100vw, 753px\" \/>\t\t\t\t\t\t\t\t\t\t\t\t\t\t\t<\/div>\n\t\t\t\t<div class=\"elementor-element elementor-element-83123a4 elementor-widget__width-initial elementor-invisible elementor-widget elementor-widget-heading\" data-id=\"83123a4\" data-element_type=\"widget\" data-e-type=\"widget\" data-settings=\"{&quot;_animation&quot;:&quot;fadeInRight&quot;}\" data-widget_type=\"heading.default\">\n\t\t\t\t\t<h2 class=\"elementor-heading-title elementor-size-default\">Criminal Advisory for Victims of Crime<\/h2>\t\t\t\t<\/div>\n\t\t\t\t<div class=\"elementor-element elementor-element-539ceae elementor-widget elementor-widget-text-editor\" data-id=\"539ceae\" data-element_type=\"widget\" data-e-type=\"widget\" data-settings=\"{&quot;_animation&quot;:&quot;none&quot;}\" data-widget_type=\"text-editor.default\">\n\t\t\t\t\t\t\t\t\t<p>We offer specialized legal services to individuals and entities that have been victims of criminal acts. Our support ranges from filing reports and complaints to acting as coadjutants to the Public Prosecutor, always aiming to ensure effective protection of victims\u2019 rights throughout all stages of the criminal process.<\/p><p>Our services are focused on delivering technical and strategic representation with a human rights perspective, ensuring victims can participate safely, effectively, and knowledgeably in the legal process, and ultimately obtain full restitution for damages suffered.<\/p>\t\t\t\t\t\t\t\t<\/div>\n\t\t\t\t\t<\/div>\n\t\t\t\t<\/div>\n\t\t<div class=\"elementor-element elementor-element-80b6d90 e-flex e-con-boxed e-con e-parent\" data-id=\"80b6d90\" data-element_type=\"container\" data-e-type=\"container\">\n\t\t\t\t\t<div class=\"e-con-inner\">\n\t\t\t\t<div class=\"elementor-element elementor-element-ae633e3 elementor-widget__width-initial elementor-invisible elementor-widget elementor-widget-image\" data-id=\"ae633e3\" data-element_type=\"widget\" data-e-type=\"widget\" data-settings=\"{&quot;_animation&quot;:&quot;fadeInRight&quot;}\" data-widget_type=\"image.default\">\n\t\t\t\t\t\t\t\t\t\t\t\t\t\t\t<img decoding=\"async\" width=\"752\" height=\"460\" src=\"https:\/\/mhpenalistas.com\/wp-content\/uploads\/2025\/11\/Servicio-3.webp\" class=\"attachment-full size-full wp-image-181\" alt=\"Defensa Penal T\u00e9cnica para Personas Imputadas o Acusadas:\" srcset=\"https:\/\/mhpenalistas.com\/wp-content\/uploads\/2025\/11\/Servicio-3.webp 752w, https:\/\/mhpenalistas.com\/wp-content\/uploads\/2025\/11\/Servicio-3-300x184.webp 300w\" sizes=\"(max-width: 752px) 100vw, 752px\" \/>\t\t\t\t\t\t\t\t\t\t\t\t\t\t\t<\/div>\n\t\t\t\t<div class=\"elementor-element elementor-element-f82665a elementor-widget__width-initial elementor-invisible elementor-widget elementor-widget-heading\" data-id=\"f82665a\" data-element_type=\"widget\" data-e-type=\"widget\" data-settings=\"{&quot;_animation&quot;:&quot;fadeInLeft&quot;}\" data-widget_type=\"heading.default\">\n\t\t\t\t\t<h2 class=\"elementor-heading-title elementor-size-default\">Technical Criminal Defense for Accused Individuals<\/h2>\t\t\t\t<\/div>\n\t\t\t\t<div class=\"elementor-element elementor-element-a73fbde elementor-widget elementor-widget-text-editor\" data-id=\"a73fbde\" data-element_type=\"widget\" data-e-type=\"widget\" data-settings=\"{&quot;_animation&quot;:&quot;none&quot;}\" data-widget_type=\"text-editor.default\">\n\t\t\t\t\t\t\t\t\t<p>At MH Criminal Defense Attorneys, we offer criminal defense that is technical, strategic, and rigorous. We represent both individuals and legal entities at every stage of the criminal process\u2014from the initial investigation through to trial and appeals\u2014ensuring adequate defense in line with the highest legal standards. <br \/><br \/>Our practice is centered on the effective protection of the rights of the accused through the development of robust, personalized legal strategies rooted in a deep understanding of the adversarial criminal justice system. <br \/><br \/>We have extensive experience in handling complex crimes, including financial, tax-related, economic, and high-impact offenses. Our approach always prioritizes timely, professional, and technically sound legal intervention.<\/p>\t\t\t\t\t\t\t\t<\/div>\n\t\t\t\t\t<\/div>\n\t\t\t\t<\/div>\n\t\t\t\t<\/div>","protected":false},"excerpt":{"rendered":"<p>NUESTROS SERVICIOS Derecho penal corporativo y cumplimiento normativo En MH Abogados Penalistas contamos con una pr\u00e1ctica consolidada en Derecho Penal Corporativo, centrada en la identificaci\u00f3n, gesti\u00f3n y prevenci\u00f3n de riesgos penales en el entorno empresarial. A ra\u00edz de la reforma constitucional de 2008 y la incorporaci\u00f3n en 2016 de la responsabilidad penal aut\u00f3noma de las [&hellip;]<\/p>","protected":false},"author":1,"featured_media":0,"parent":0,"menu_order":0,"comment_status":"closed","ping_status":"closed","template":"","meta":{"footnotes":""},"class_list":["post-44","page","type-page","status-publish","hentry"],"yoast_head":"<!-- This site is optimized with the Yoast SEO plugin v27.4 - https:\/\/yoast.com\/product\/yoast-seo-wordpress\/ -->\n<title>Servicios - mhpenalistas.com<\/title>\n<meta name=\"robots\" content=\"index, follow, max-snippet:-1, max-image-preview:large, max-video-preview:-1\" \/>\n<link rel=\"canonical\" href=\"https:\/\/mhpenalistas.com\/en\/servicios\/\" \/>\n<meta property=\"og:locale\" content=\"en_US\" \/>\n<meta property=\"og:type\" content=\"article\" \/>\n<meta property=\"og:title\" content=\"Servicios - mhpenalistas.com\" \/>\n<meta property=\"og:description\" content=\"NUESTROS SERVICIOS Derecho penal corporativo y cumplimiento normativo En MH Abogados Penalistas contamos con una pr\u00e1ctica consolidada en Derecho Penal Corporativo, centrada en la identificaci\u00f3n, gesti\u00f3n y prevenci\u00f3n de riesgos penales en el entorno empresarial. A ra\u00edz de la reforma constitucional de 2008 y la incorporaci\u00f3n en 2016 de la responsabilidad penal aut\u00f3noma de las [&hellip;]\" \/>\n<meta property=\"og:url\" content=\"https:\/\/mhpenalistas.com\/en\/servicios\/\" \/>\n<meta property=\"og:site_name\" content=\"mhpenalistas.com\" \/>\n<meta property=\"article:modified_time\" content=\"2025-11-19T01:08:20+00:00\" \/>\n<meta property=\"og:image\" content=\"https:\/\/mhpenalistas.com\/wp-content\/uploads\/2025\/11\/Servicio-1.webp\" \/>\n<meta name=\"twitter:card\" content=\"summary_large_image\" \/>\n<meta name=\"twitter:label1\" content=\"Est. reading time\" \/>\n\t<meta name=\"twitter:data1\" content=\"3 minutes\" \/>\n<script type=\"application\/ld+json\" class=\"yoast-schema-graph\">{\"@context\":\"https:\\\/\\\/schema.org\",\"@graph\":[{\"@type\":\"WebPage\",\"@id\":\"https:\\\/\\\/mhpenalistas.com\\\/servicios\\\/\",\"url\":\"https:\\\/\\\/mhpenalistas.com\\\/servicios\\\/\",\"name\":\"Servicios - mhpenalistas.com\",\"isPartOf\":{\"@id\":\"https:\\\/\\\/mhpenalistas.com\\\/#website\"},\"primaryImageOfPage\":{\"@id\":\"https:\\\/\\\/mhpenalistas.com\\\/servicios\\\/#primaryimage\"},\"image\":{\"@id\":\"https:\\\/\\\/mhpenalistas.com\\\/servicios\\\/#primaryimage\"},\"thumbnailUrl\":\"https:\\\/\\\/mhpenalistas.com\\\/wp-content\\\/uploads\\\/2025\\\/11\\\/Servicio-1.webp\",\"datePublished\":\"2025-11-13T22:23:58+00:00\",\"dateModified\":\"2025-11-19T01:08:20+00:00\",\"breadcrumb\":{\"@id\":\"https:\\\/\\\/mhpenalistas.com\\\/servicios\\\/#breadcrumb\"},\"inLanguage\":\"en-US\",\"potentialAction\":[{\"@type\":\"ReadAction\",\"target\":[\"https:\\\/\\\/mhpenalistas.com\\\/servicios\\\/\"]}]},{\"@type\":\"ImageObject\",\"inLanguage\":\"en-US\",\"@id\":\"https:\\\/\\\/mhpenalistas.com\\\/servicios\\\/#primaryimage\",\"url\":\"https:\\\/\\\/mhpenalistas.com\\\/wp-content\\\/uploads\\\/2025\\\/11\\\/Servicio-1.webp\",\"contentUrl\":\"https:\\\/\\\/mhpenalistas.com\\\/wp-content\\\/uploads\\\/2025\\\/11\\\/Servicio-1.webp\"},{\"@type\":\"BreadcrumbList\",\"@id\":\"https:\\\/\\\/mhpenalistas.com\\\/servicios\\\/#breadcrumb\",\"itemListElement\":[{\"@type\":\"ListItem\",\"position\":1,\"name\":\"Portada\",\"item\":\"https:\\\/\\\/mhpenalistas.com\\\/\"},{\"@type\":\"ListItem\",\"position\":2,\"name\":\"Servicios\"}]},{\"@type\":\"WebSite\",\"@id\":\"https:\\\/\\\/mhpenalistas.com\\\/#website\",\"url\":\"https:\\\/\\\/mhpenalistas.com\\\/\",\"name\":\"mhpenalistas.com\",\"description\":\"\",\"potentialAction\":[{\"@type\":\"SearchAction\",\"target\":{\"@type\":\"EntryPoint\",\"urlTemplate\":\"https:\\\/\\\/mhpenalistas.com\\\/?s={search_term_string}\"},\"query-input\":{\"@type\":\"PropertyValueSpecification\",\"valueRequired\":true,\"valueName\":\"search_term_string\"}}],\"inLanguage\":\"en-US\"}]}<\/script>\n<!-- \/ Yoast SEO plugin. -->","yoast_head_json":{"title":"Servicios - mhpenalistas.com","robots":{"index":"index","follow":"follow","max-snippet":"max-snippet:-1","max-image-preview":"max-image-preview:large","max-video-preview":"max-video-preview:-1"},"canonical":"https:\/\/mhpenalistas.com\/en\/servicios\/","og_locale":"en_US","og_type":"article","og_title":"Servicios - mhpenalistas.com","og_description":"NUESTROS SERVICIOS Derecho penal corporativo y cumplimiento normativo En MH Abogados Penalistas contamos con una pr\u00e1ctica consolidada en Derecho Penal Corporativo, centrada en la identificaci\u00f3n, gesti\u00f3n y prevenci\u00f3n de riesgos penales en el entorno empresarial. A ra\u00edz de la reforma constitucional de 2008 y la incorporaci\u00f3n en 2016 de la responsabilidad penal aut\u00f3noma de las [&hellip;]","og_url":"https:\/\/mhpenalistas.com\/en\/servicios\/","og_site_name":"mhpenalistas.com","article_modified_time":"2025-11-19T01:08:20+00:00","og_image":[{"url":"https:\/\/mhpenalistas.com\/wp-content\/uploads\/2025\/11\/Servicio-1.webp","type":"","width":"","height":""}],"twitter_card":"summary_large_image","twitter_misc":{"Est. reading time":"3 minutes"},"schema":{"@context":"https:\/\/schema.org","@graph":[{"@type":"WebPage","@id":"https:\/\/mhpenalistas.com\/servicios\/","url":"https:\/\/mhpenalistas.com\/servicios\/","name":"Servicios - mhpenalistas.com","isPartOf":{"@id":"https:\/\/mhpenalistas.com\/#website"},"primaryImageOfPage":{"@id":"https:\/\/mhpenalistas.com\/servicios\/#primaryimage"},"image":{"@id":"https:\/\/mhpenalistas.com\/servicios\/#primaryimage"},"thumbnailUrl":"https:\/\/mhpenalistas.com\/wp-content\/uploads\/2025\/11\/Servicio-1.webp","datePublished":"2025-11-13T22:23:58+00:00","dateModified":"2025-11-19T01:08:20+00:00","breadcrumb":{"@id":"https:\/\/mhpenalistas.com\/servicios\/#breadcrumb"},"inLanguage":"en-US","potentialAction":[{"@type":"ReadAction","target":["https:\/\/mhpenalistas.com\/servicios\/"]}]},{"@type":"ImageObject","inLanguage":"en-US","@id":"https:\/\/mhpenalistas.com\/servicios\/#primaryimage","url":"https:\/\/mhpenalistas.com\/wp-content\/uploads\/2025\/11\/Servicio-1.webp","contentUrl":"https:\/\/mhpenalistas.com\/wp-content\/uploads\/2025\/11\/Servicio-1.webp"},{"@type":"BreadcrumbList","@id":"https:\/\/mhpenalistas.com\/servicios\/#breadcrumb","itemListElement":[{"@type":"ListItem","position":1,"name":"Portada","item":"https:\/\/mhpenalistas.com\/"},{"@type":"ListItem","position":2,"name":"Servicios"}]},{"@type":"WebSite","@id":"https:\/\/mhpenalistas.com\/#website","url":"https:\/\/mhpenalistas.com\/","name":"mhpenalistas.com","description":"","potentialAction":[{"@type":"SearchAction","target":{"@type":"EntryPoint","urlTemplate":"https:\/\/mhpenalistas.com\/?s={search_term_string}"},"query-input":{"@type":"PropertyValueSpecification","valueRequired":true,"valueName":"search_term_string"}}],"inLanguage":"en-US"}]}},"_links":{"self":[{"href":"https:\/\/mhpenalistas.com\/en\/wp-json\/wp\/v2\/pages\/44","targetHints":{"allow":["GET"]}}],"collection":[{"href":"https:\/\/mhpenalistas.com\/en\/wp-json\/wp\/v2\/pages"}],"about":[{"href":"https:\/\/mhpenalistas.com\/en\/wp-json\/wp\/v2\/types\/page"}],"author":[{"embeddable":true,"href":"https:\/\/mhpenalistas.com\/en\/wp-json\/wp\/v2\/users\/1"}],"replies":[{"embeddable":true,"href":"https:\/\/mhpenalistas.com\/en\/wp-json\/wp\/v2\/comments?post=44"}],"version-history":[{"count":40,"href":"https:\/\/mhpenalistas.com\/en\/wp-json\/wp\/v2\/pages\/44\/revisions"}],"predecessor-version":[{"id":341,"href":"https:\/\/mhpenalistas.com\/en\/wp-json\/wp\/v2\/pages\/44\/revisions\/341"}],"wp:attachment":[{"href":"https:\/\/mhpenalistas.com\/en\/wp-json\/wp\/v2\/media?parent=44"}],"curies":[{"name":"wp","href":"https:\/\/api.w.org\/{rel}","templated":true}]}}