{"id":42,"date":"2025-11-13T22:22:58","date_gmt":"2025-11-13T22:22:58","guid":{"rendered":"https:\/\/mhpenalistas.com\/?page_id=42"},"modified":"2025-11-19T05:08:04","modified_gmt":"2025-11-19T05:08:04","slug":"sobre-nosotros","status":"publish","type":"page","link":"https:\/\/mhpenalistas.com\/en\/sobre-nosotros\/","title":{"rendered":"About Us"},"content":{"rendered":"<div data-elementor-type=\"wp-page\" data-elementor-id=\"42\" class=\"elementor elementor-42\" data-elementor-post-type=\"page\">\n\t\t\t\t<div class=\"elementor-element elementor-element-29308fd e-flex e-con-boxed e-con e-parent\" data-id=\"29308fd\" data-element_type=\"container\" data-e-type=\"container\" data-settings=\"{&quot;background_background&quot;:&quot;classic&quot;}\">\n\t\t\t\t\t<div class=\"e-con-inner\">\n\t\t<div class=\"elementor-element elementor-element-a954bd2 e-con-full e-flex e-con e-child\" data-id=\"a954bd2\" data-element_type=\"container\" data-e-type=\"container\" data-settings=\"{&quot;background_background&quot;:&quot;classic&quot;}\">\n\t\t\t\t<div class=\"elementor-element elementor-element-cb50073 elementor-widget__width-initial elementor-widget elementor-widget-image-box\" data-id=\"cb50073\" data-element_type=\"widget\" data-e-type=\"widget\" data-widget_type=\"image-box.default\">\n\t\t\t\t\t<div class=\"elementor-image-box-wrapper\"><div class=\"elementor-image-box-content\"><h3 class=\"elementor-image-box-title\">Alejandro Montoya Hern\u00e1ndez<\/h3><p class=\"elementor-image-box-description\">Partner | Criminal Defense Attorney<\/p><\/div><\/div>\t\t\t\t<\/div>\n\t\t\t\t<div class=\"elementor-element elementor-element-1a8abc7 elementor-widget__width-initial elementor-widget elementor-widget-image\" data-id=\"1a8abc7\" data-element_type=\"widget\" data-e-type=\"widget\" data-widget_type=\"image.default\">\n\t\t\t\t\t\t\t\t\t\t\t\t\t\t\t<img fetchpriority=\"high\" decoding=\"async\" width=\"575\" height=\"614\" src=\"https:\/\/mhpenalistas.com\/wp-content\/uploads\/2025\/11\/Abogado-Full-1.webp\" class=\"attachment-full size-full wp-image-354\" alt=\"\" srcset=\"https:\/\/mhpenalistas.com\/wp-content\/uploads\/2025\/11\/Abogado-Full-1.webp 575w, https:\/\/mhpenalistas.com\/wp-content\/uploads\/2025\/11\/Abogado-Full-1-281x300.webp 281w, https:\/\/mhpenalistas.com\/wp-content\/uploads\/2025\/11\/Abogado-Full-1-11x12.webp 11w\" sizes=\"(max-width: 575px) 100vw, 575px\" \/>\t\t\t\t\t\t\t\t\t\t\t\t\t\t\t<\/div>\n\t\t\t\t<div class=\"elementor-element elementor-element-8557822 elementor-widget elementor-widget-text-editor\" data-id=\"8557822\" data-element_type=\"widget\" data-e-type=\"widget\" data-widget_type=\"text-editor.default\">\n\t\t\t\t\t\t\t\t\t<p>Alejandro Montoya Hern\u00e1ndez holds a Law degree from Universidad Iberoamericana (2011\u20132016) and has dedicated his career exclusively to Criminal Law since his professional training began. He has worked at several highly respected law firms specializing in criminal litigation, building a solid practice focused on technical criminal defense and legal advisory in highly complex cases.<\/p><p>He holds a Master\u2019s degree in Criminal Policy from the National Autonomous University of Mexico (UNAM) (2021\u20132023), and a Specialization in Accusatory Criminal Procedure Law from the National Institute of Criminal Sciences (INACIPE). His education is complemented by courses and certifications in corporate criminal liability and compliance, including advanced training as a Compliance Officer from the University of Salamanca.<\/p><p>In addition to his litigation work, he serves as a professor of Criminal Law (General Part) at Tecnol\u00f3gico de Monterrey, where he actively contributes to the academic development of future legal professionals.<\/p>\t\t\t\t\t\t\t\t<\/div>\n\t\t\t\t<\/div>\n\t\t\t\t\t<\/div>\n\t\t\t\t<\/div>\n\t\t<div class=\"elementor-element elementor-element-dade492 e-flex e-con-boxed e-con e-parent\" data-id=\"dade492\" data-element_type=\"container\" data-e-type=\"container\" data-settings=\"{&quot;background_background&quot;:&quot;classic&quot;}\">\n\t\t\t\t\t<div class=\"e-con-inner\">\n\t\t<div class=\"elementor-element elementor-element-942e997 e-con-full e-flex e-con e-child\" data-id=\"942e997\" data-element_type=\"container\" data-e-type=\"container\" data-settings=\"{&quot;background_background&quot;:&quot;classic&quot;}\">\n\t\t\t\t<div class=\"elementor-element elementor-element-7c0caa6 elementor-widget__width-initial elementor-widget elementor-widget-image-box\" data-id=\"7c0caa6\" data-element_type=\"widget\" data-e-type=\"widget\" data-widget_type=\"image-box.default\">\n\t\t\t\t\t<div class=\"elementor-image-box-wrapper\"><div class=\"elementor-image-box-content\"><h3 class=\"elementor-image-box-title\">Gerardo Montoya Hern\u00e1ndez<\/h3><p class=\"elementor-image-box-description\">Partner | Criminal Defense Attorney<\/p><\/div><\/div>\t\t\t\t<\/div>\n\t\t\t\t<div class=\"elementor-element elementor-element-59921f6 elementor-widget__width-initial elementor-widget elementor-widget-image\" data-id=\"59921f6\" data-element_type=\"widget\" data-e-type=\"widget\" data-widget_type=\"image.default\">\n\t\t\t\t\t\t\t\t\t\t\t\t\t\t\t<img decoding=\"async\" width=\"575\" height=\"614\" src=\"https:\/\/mhpenalistas.com\/wp-content\/uploads\/2025\/11\/Abogado-Full-2.webp\" class=\"attachment-full size-full wp-image-355\" alt=\"\" srcset=\"https:\/\/mhpenalistas.com\/wp-content\/uploads\/2025\/11\/Abogado-Full-2.webp 575w, https:\/\/mhpenalistas.com\/wp-content\/uploads\/2025\/11\/Abogado-Full-2-281x300.webp 281w, https:\/\/mhpenalistas.com\/wp-content\/uploads\/2025\/11\/Abogado-Full-2-11x12.webp 11w\" sizes=\"(max-width: 575px) 100vw, 575px\" \/>\t\t\t\t\t\t\t\t\t\t\t\t\t\t\t<\/div>\n\t\t\t\t<div class=\"elementor-element elementor-element-40d756c elementor-widget elementor-widget-text-editor\" data-id=\"40d756c\" data-element_type=\"widget\" data-e-type=\"widget\" data-widget_type=\"text-editor.default\">\n\t\t\t\t\t\t\t\t\t<p>Gerardo Montoya Hern\u00e1ndez holds a Law degree from Universidad Iberoamericana (2010\u20132015), with professional practice exclusively in Criminal Law.<\/p><p>He has worked at renowned law firms such as Portilla, Ruy-D\u00edaz y Aguilar and Junquera Abogados, participating in technically complex criminal litigation, which has allowed him to develop a specialized profile in criminal procedural strategy and the management of high-stakes legal proceedings.<\/p><p>He has a strong command of legal English, enabling him to communicate directly and efficiently with multinational companies and clients seeking criminal advisory or representation in Mexico.<\/p>\t\t\t\t\t\t\t\t<\/div>\n\t\t\t\t<\/div>\n\t\t\t\t\t<\/div>\n\t\t\t\t<\/div>\n\t\t<div class=\"elementor-element elementor-element-696ebf5 e-flex e-con-boxed e-con e-parent\" data-id=\"696ebf5\" data-element_type=\"container\" data-e-type=\"container\" data-settings=\"{&quot;background_background&quot;:&quot;classic&quot;}\">\n\t\t\t\t\t<div class=\"e-con-inner\">\n\t\t<div class=\"elementor-element elementor-element-a2976bf e-con-full e-flex e-con e-child\" data-id=\"a2976bf\" data-element_type=\"container\" data-e-type=\"container\" data-settings=\"{&quot;background_background&quot;:&quot;classic&quot;}\">\n\t\t\t\t<div class=\"elementor-element elementor-element-0377379 elementor-widget__width-initial elementor-widget elementor-widget-image-box\" data-id=\"0377379\" data-element_type=\"widget\" data-e-type=\"widget\" data-widget_type=\"image-box.default\">\n\t\t\t\t\t<div class=\"elementor-image-box-wrapper\"><div class=\"elementor-image-box-content\"><h3 class=\"elementor-image-box-title\">Israel<br>Lara Garc\u00eda<\/h3><p class=\"elementor-image-box-description\">Associate | Attorney<\/p><\/div><\/div>\t\t\t\t<\/div>\n\t\t\t\t<div class=\"elementor-element elementor-element-811670c elementor-widget elementor-widget-text-editor\" data-id=\"811670c\" data-element_type=\"widget\" data-e-type=\"widget\" data-widget_type=\"text-editor.default\">\n\t\t\t\t\t\t\t\t\t<p>Israel Lara Garc\u00eda holds a Law degree from the National Autonomous University of Mexico (UNAM) and a degree in Information Studies from the Faculty of Philosophy and Letters at the same university.<\/p><p>He is currently pursuing a Master\u2019s in Law with a focus on Constitutional Law at UNAM\u2019s Law School, where he is conducting research on the justiciability of cultural rights before Mexico\u2019s Supreme Court.<\/p><p>He has experience in criminal, civil, commercial, and family litigation, with a specialization in both direct and indirect amparo (constitutional relief). He has also developed legal strategies in the areas of intellectual property and regulatory compliance.\nHis multidisciplinary profile includes experience in document management and museography, with participation in high-level legal and cultural projects.<\/p>\t\t\t\t\t\t\t\t<\/div>\n\t\t\t\t<\/div>\n\t\t\t\t\t<\/div>\n\t\t\t\t<\/div>\n\t\t<div class=\"elementor-element elementor-element-c76103b e-flex e-con-boxed e-con e-parent\" data-id=\"c76103b\" data-element_type=\"container\" data-e-type=\"container\" data-settings=\"{&quot;background_background&quot;:&quot;classic&quot;}\">\n\t\t\t\t\t<div class=\"e-con-inner\">\n\t\t<div class=\"elementor-element elementor-element-25db572 e-con-full e-flex e-con e-child\" data-id=\"25db572\" data-element_type=\"container\" data-e-type=\"container\" data-settings=\"{&quot;background_background&quot;:&quot;classic&quot;}\">\n\t\t\t\t<div class=\"elementor-element elementor-element-ef10e46 elementor-widget elementor-widget-text-editor\" data-id=\"ef10e46\" data-element_type=\"widget\" data-e-type=\"widget\" data-widget_type=\"text-editor.default\">\n\t\t\t\t\t\t\t\t\t<p>At MH Criminal Defense Attorneys, we work closely with an extended team of highly specialized professionals who collaborate with us on a regular operational basis. <br \/><br \/>These external partners are involved in specific cases with the same level of confidentiality, closeness, and quality standards as our in-house team, forming part of our comprehensive legal defense and advisory strategies.<\/p>\t\t\t\t\t\t\t\t<\/div>\n\t\t\t\t<\/div>\n\t\t\t\t\t<\/div>\n\t\t\t\t<\/div>\n\t\t<div class=\"elementor-element elementor-element-839c01e e-flex e-con-boxed e-con e-parent\" data-id=\"839c01e\" data-element_type=\"container\" data-e-type=\"container\" data-settings=\"{&quot;background_background&quot;:&quot;classic&quot;}\">\n\t\t\t\t\t<div class=\"e-con-inner\">\n\t\t<div class=\"elementor-element elementor-element-eb9e5f6 e-con-full e-flex e-con e-child\" data-id=\"eb9e5f6\" data-element_type=\"container\" data-e-type=\"container\" data-settings=\"{&quot;background_background&quot;:&quot;classic&quot;}\">\n\t\t\t\t<div class=\"elementor-element elementor-element-b51407b elementor-widget__width-initial elementor-widget elementor-widget-image-box\" data-id=\"b51407b\" data-element_type=\"widget\" data-e-type=\"widget\" data-widget_type=\"image-box.default\">\n\t\t\t\t\t<div class=\"elementor-image-box-wrapper\"><div class=\"elementor-image-box-content\"><h3 class=\"elementor-image-box-title\">Jorge Montoya<br> Rodr\u00edguez<\/h3><p class=\"elementor-image-box-description\">Criminal Defense Attorney | Strategic Litigation &amp; Forensic Consulting<\/p><\/div><\/div>\t\t\t\t<\/div>\n\t\t\t\t<div class=\"elementor-element elementor-element-711b045 elementor-widget elementor-widget-text-editor\" data-id=\"711b045\" data-element_type=\"widget\" data-e-type=\"widget\" data-widget_type=\"text-editor.default\">\n\t\t\t\t\t\t\t\t\t<p>Jorge Montoya Rodr\u00edguez holds a Law degree from the National Autonomous University of Mexico (UNAM) with honors, a judicial specialization from the Federal Judiciary Institute of the Mexican Supreme Court, and a Master\u2019s degree in Criminal Procedural Law.<\/p><p>With over 25 years of experience in strategic criminal litigation, he is recognized nationally for his work in human rights defense and legal representation of high-level public officials and business executives.<\/p><p>He has served as Legal Director of the Federal Preventive Police, Special Prosecutor at the Attorney General\u2019s Office, and Legal Manager at PEMEX. He currently leads CEOFORENSE M\u00e9xico, a firm that works in coordination with MH Criminal Defense Attorneys on high-impact litigation and advanced forensic consulting.<\/p>\t\t\t\t\t\t\t\t<\/div>\n\t\t\t\t<\/div>\n\t\t\t\t\t<\/div>\n\t\t\t\t<\/div>\n\t\t<div class=\"elementor-element elementor-element-23dcec0 e-flex e-con-boxed e-con e-parent\" data-id=\"23dcec0\" data-element_type=\"container\" data-e-type=\"container\" data-settings=\"{&quot;background_background&quot;:&quot;classic&quot;}\">\n\t\t\t\t\t<div class=\"e-con-inner\">\n\t\t<div class=\"elementor-element elementor-element-baa1910 e-con-full e-flex e-con e-child\" data-id=\"baa1910\" data-element_type=\"container\" data-e-type=\"container\" data-settings=\"{&quot;background_background&quot;:&quot;classic&quot;}\">\n\t\t\t\t<div class=\"elementor-element elementor-element-28e4b6a elementor-widget__width-initial elementor-widget elementor-widget-image-box\" data-id=\"28e4b6a\" data-element_type=\"widget\" data-e-type=\"widget\" data-widget_type=\"image-box.default\">\n\t\t\t\t\t<div class=\"elementor-image-box-wrapper\"><div class=\"elementor-image-box-content\"><h3 class=\"elementor-image-box-title\">Daniel Arnold<br> Guti\u00e9rrez Guido:<\/h3><p class=\"elementor-image-box-description\">Forensic Criminologist | Technical Consultant in Criminal Litigation<\/p><\/div><\/div>\t\t\t\t<\/div>\n\t\t\t\t<div class=\"elementor-element elementor-element-85ac1a2 elementor-widget elementor-widget-text-editor\" data-id=\"85ac1a2\" data-element_type=\"widget\" data-e-type=\"widget\" data-widget_type=\"text-editor.default\">\n\t\t\t\t\t\t\t\t\t<p>Daniel Arnold holds a degree in Criminology and Criminalistics, two Master\u2019s degrees in Forensic Criminology and Criminal Profiling, and is a doctoral candidate in Criminal Justice. He is a certified expert in Forensic Victimology, Document Examination, and Criminal Compliance. <br \/>Normativo (Criminal Compliance). <br \/><br \/>He collaborates directly with MH Criminal Defense Attorneys in complex criminal proceedings, offering technical-scientific expertise through meta-expert reports, counter-expert opinions, and forensic criminological analysis. His work as an expert for the Superior Court of Justice of Quer\u00e9taro and his corporate compliance experience enhance the technical-expert quality in high-profile cases.<\/p>\t\t\t\t\t\t\t\t<\/div>\n\t\t\t\t<\/div>\n\t\t\t\t\t<\/div>\n\t\t\t\t<\/div>\n\t\t\t\t<\/div>","protected":false},"excerpt":{"rendered":"<p>Alejandro Montoya Hern\u00e1ndez Socio | Abogado penalista Alejandro Montoya Hern\u00e1ndez es licenciado en Derecho por la Universidad Iberoamericana (2011\u20132016), con dedicaci\u00f3n exclusiva al Derecho Penal desde el inicio de su formaci\u00f3n profesional. A lo largo de su carrera, ha formado parte de firmas jur\u00eddicas de alto prestigio especializadas en litigio penal, consolidando una s\u00f3lida pr\u00e1ctica [&hellip;]<\/p>","protected":false},"author":1,"featured_media":0,"parent":0,"menu_order":0,"comment_status":"closed","ping_status":"closed","template":"","meta":{"footnotes":""},"class_list":["post-42","page","type-page","status-publish","hentry"],"yoast_head":"<!-- This site is optimized with the Yoast SEO plugin v27.4 - https:\/\/yoast.com\/product\/yoast-seo-wordpress\/ -->\n<title>Sobre Nosotros - mhpenalistas.com<\/title>\n<meta name=\"robots\" content=\"index, follow, max-snippet:-1, max-image-preview:large, max-video-preview:-1\" \/>\n<link rel=\"canonical\" href=\"https:\/\/mhpenalistas.com\/en\/sobre-nosotros\/\" \/>\n<meta property=\"og:locale\" content=\"en_US\" \/>\n<meta property=\"og:type\" content=\"article\" \/>\n<meta property=\"og:title\" content=\"Sobre Nosotros - mhpenalistas.com\" \/>\n<meta property=\"og:description\" content=\"Alejandro Montoya Hern\u00e1ndez Socio | Abogado penalista Alejandro Montoya Hern\u00e1ndez es licenciado en Derecho por la Universidad Iberoamericana (2011\u20132016), con dedicaci\u00f3n exclusiva al Derecho Penal desde el inicio de su formaci\u00f3n profesional. A lo largo de su carrera, ha formado parte de firmas jur\u00eddicas de alto prestigio especializadas en litigio penal, consolidando una s\u00f3lida pr\u00e1ctica [&hellip;]\" \/>\n<meta property=\"og:url\" content=\"https:\/\/mhpenalistas.com\/en\/sobre-nosotros\/\" \/>\n<meta property=\"og:site_name\" content=\"mhpenalistas.com\" \/>\n<meta property=\"article:modified_time\" content=\"2025-11-19T05:08:04+00:00\" \/>\n<meta property=\"og:image\" content=\"https:\/\/mhpenalistas.com\/wp-content\/uploads\/2025\/11\/Alejandro-Montoya-Abogado.webp\" \/>\n<meta name=\"twitter:card\" content=\"summary_large_image\" \/>\n<meta name=\"twitter:label1\" content=\"Est. reading time\" \/>\n\t<meta name=\"twitter:data1\" content=\"4 minutes\" \/>\n<script type=\"application\/ld+json\" class=\"yoast-schema-graph\">{\"@context\":\"https:\\\/\\\/schema.org\",\"@graph\":[{\"@type\":\"WebPage\",\"@id\":\"https:\\\/\\\/mhpenalistas.com\\\/sobre-nosotros\\\/\",\"url\":\"https:\\\/\\\/mhpenalistas.com\\\/sobre-nosotros\\\/\",\"name\":\"Sobre Nosotros - mhpenalistas.com\",\"isPartOf\":{\"@id\":\"https:\\\/\\\/mhpenalistas.com\\\/#website\"},\"primaryImageOfPage\":{\"@id\":\"https:\\\/\\\/mhpenalistas.com\\\/sobre-nosotros\\\/#primaryimage\"},\"image\":{\"@id\":\"https:\\\/\\\/mhpenalistas.com\\\/sobre-nosotros\\\/#primaryimage\"},\"thumbnailUrl\":\"https:\\\/\\\/mhpenalistas.com\\\/wp-content\\\/uploads\\\/2025\\\/11\\\/Alejandro-Montoya-Abogado.webp\",\"datePublished\":\"2025-11-13T22:22:58+00:00\",\"dateModified\":\"2025-11-19T05:08:04+00:00\",\"breadcrumb\":{\"@id\":\"https:\\\/\\\/mhpenalistas.com\\\/sobre-nosotros\\\/#breadcrumb\"},\"inLanguage\":\"en-US\",\"potentialAction\":[{\"@type\":\"ReadAction\",\"target\":[\"https:\\\/\\\/mhpenalistas.com\\\/sobre-nosotros\\\/\"]}]},{\"@type\":\"ImageObject\",\"inLanguage\":\"en-US\",\"@id\":\"https:\\\/\\\/mhpenalistas.com\\\/sobre-nosotros\\\/#primaryimage\",\"url\":\"https:\\\/\\\/mhpenalistas.com\\\/wp-content\\\/uploads\\\/2025\\\/11\\\/Alejandro-Montoya-Abogado.webp\",\"contentUrl\":\"https:\\\/\\\/mhpenalistas.com\\\/wp-content\\\/uploads\\\/2025\\\/11\\\/Alejandro-Montoya-Abogado.webp\"},{\"@type\":\"BreadcrumbList\",\"@id\":\"https:\\\/\\\/mhpenalistas.com\\\/sobre-nosotros\\\/#breadcrumb\",\"itemListElement\":[{\"@type\":\"ListItem\",\"position\":1,\"name\":\"Portada\",\"item\":\"https:\\\/\\\/mhpenalistas.com\\\/\"},{\"@type\":\"ListItem\",\"position\":2,\"name\":\"Sobre Nosotros\"}]},{\"@type\":\"WebSite\",\"@id\":\"https:\\\/\\\/mhpenalistas.com\\\/#website\",\"url\":\"https:\\\/\\\/mhpenalistas.com\\\/\",\"name\":\"mhpenalistas.com\",\"description\":\"\",\"potentialAction\":[{\"@type\":\"SearchAction\",\"target\":{\"@type\":\"EntryPoint\",\"urlTemplate\":\"https:\\\/\\\/mhpenalistas.com\\\/?s={search_term_string}\"},\"query-input\":{\"@type\":\"PropertyValueSpecification\",\"valueRequired\":true,\"valueName\":\"search_term_string\"}}],\"inLanguage\":\"en-US\"}]}<\/script>\n<!-- \/ Yoast SEO plugin. -->","yoast_head_json":{"title":"Sobre Nosotros - mhpenalistas.com","robots":{"index":"index","follow":"follow","max-snippet":"max-snippet:-1","max-image-preview":"max-image-preview:large","max-video-preview":"max-video-preview:-1"},"canonical":"https:\/\/mhpenalistas.com\/en\/sobre-nosotros\/","og_locale":"en_US","og_type":"article","og_title":"Sobre Nosotros - mhpenalistas.com","og_description":"Alejandro Montoya Hern\u00e1ndez Socio | Abogado penalista Alejandro Montoya Hern\u00e1ndez es licenciado en Derecho por la Universidad Iberoamericana (2011\u20132016), con dedicaci\u00f3n exclusiva al Derecho Penal desde el inicio de su formaci\u00f3n profesional. A lo largo de su carrera, ha formado parte de firmas jur\u00eddicas de alto prestigio especializadas en litigio penal, consolidando una s\u00f3lida pr\u00e1ctica [&hellip;]","og_url":"https:\/\/mhpenalistas.com\/en\/sobre-nosotros\/","og_site_name":"mhpenalistas.com","article_modified_time":"2025-11-19T05:08:04+00:00","og_image":[{"url":"https:\/\/mhpenalistas.com\/wp-content\/uploads\/2025\/11\/Alejandro-Montoya-Abogado.webp","type":"","width":"","height":""}],"twitter_card":"summary_large_image","twitter_misc":{"Est. reading time":"4 minutes"},"schema":{"@context":"https:\/\/schema.org","@graph":[{"@type":"WebPage","@id":"https:\/\/mhpenalistas.com\/sobre-nosotros\/","url":"https:\/\/mhpenalistas.com\/sobre-nosotros\/","name":"Sobre Nosotros - mhpenalistas.com","isPartOf":{"@id":"https:\/\/mhpenalistas.com\/#website"},"primaryImageOfPage":{"@id":"https:\/\/mhpenalistas.com\/sobre-nosotros\/#primaryimage"},"image":{"@id":"https:\/\/mhpenalistas.com\/sobre-nosotros\/#primaryimage"},"thumbnailUrl":"https:\/\/mhpenalistas.com\/wp-content\/uploads\/2025\/11\/Alejandro-Montoya-Abogado.webp","datePublished":"2025-11-13T22:22:58+00:00","dateModified":"2025-11-19T05:08:04+00:00","breadcrumb":{"@id":"https:\/\/mhpenalistas.com\/sobre-nosotros\/#breadcrumb"},"inLanguage":"en-US","potentialAction":[{"@type":"ReadAction","target":["https:\/\/mhpenalistas.com\/sobre-nosotros\/"]}]},{"@type":"ImageObject","inLanguage":"en-US","@id":"https:\/\/mhpenalistas.com\/sobre-nosotros\/#primaryimage","url":"https:\/\/mhpenalistas.com\/wp-content\/uploads\/2025\/11\/Alejandro-Montoya-Abogado.webp","contentUrl":"https:\/\/mhpenalistas.com\/wp-content\/uploads\/2025\/11\/Alejandro-Montoya-Abogado.webp"},{"@type":"BreadcrumbList","@id":"https:\/\/mhpenalistas.com\/sobre-nosotros\/#breadcrumb","itemListElement":[{"@type":"ListItem","position":1,"name":"Portada","item":"https:\/\/mhpenalistas.com\/"},{"@type":"ListItem","position":2,"name":"Sobre Nosotros"}]},{"@type":"WebSite","@id":"https:\/\/mhpenalistas.com\/#website","url":"https:\/\/mhpenalistas.com\/","name":"mhpenalistas.com","description":"","potentialAction":[{"@type":"SearchAction","target":{"@type":"EntryPoint","urlTemplate":"https:\/\/mhpenalistas.com\/?s={search_term_string}"},"query-input":{"@type":"PropertyValueSpecification","valueRequired":true,"valueName":"search_term_string"}}],"inLanguage":"en-US"}]}},"_links":{"self":[{"href":"https:\/\/mhpenalistas.com\/en\/wp-json\/wp\/v2\/pages\/42","targetHints":{"allow":["GET"]}}],"collection":[{"href":"https:\/\/mhpenalistas.com\/en\/wp-json\/wp\/v2\/pages"}],"about":[{"href":"https:\/\/mhpenalistas.com\/en\/wp-json\/wp\/v2\/types\/page"}],"author":[{"embeddable":true,"href":"https:\/\/mhpenalistas.com\/en\/wp-json\/wp\/v2\/users\/1"}],"replies":[{"embeddable":true,"href":"https:\/\/mhpenalistas.com\/en\/wp-json\/wp\/v2\/comments?post=42"}],"version-history":[{"count":60,"href":"https:\/\/mhpenalistas.com\/en\/wp-json\/wp\/v2\/pages\/42\/revisions"}],"predecessor-version":[{"id":367,"href":"https:\/\/mhpenalistas.com\/en\/wp-json\/wp\/v2\/pages\/42\/revisions\/367"}],"wp:attachment":[{"href":"https:\/\/mhpenalistas.com\/en\/wp-json\/wp\/v2\/media?parent=42"}],"curies":[{"name":"wp","href":"https:\/\/api.w.org\/{rel}","templated":true}]}}