{"id":12,"date":"2025-11-13T22:21:06","date_gmt":"2025-11-13T22:21:06","guid":{"rendered":"https:\/\/mhpenalistas.com\/?page_id=12"},"modified":"2025-11-19T19:42:51","modified_gmt":"2025-11-19T19:42:51","slug":"inicio","status":"publish","type":"page","link":"https:\/\/mhpenalistas.com\/en\/","title":{"rendered":"Home"},"content":{"rendered":"<div data-elementor-type=\"wp-page\" data-elementor-id=\"12\" class=\"elementor elementor-12\" data-elementor-post-type=\"page\">\n\t\t\t\t<div class=\"elementor-element elementor-element-743f870 e-flex e-con-boxed e-con e-parent\" data-id=\"743f870\" data-element_type=\"container\" data-e-type=\"container\" data-settings=\"{&quot;background_background&quot;:&quot;classic&quot;}\">\n\t\t\t\t\t<div class=\"e-con-inner\">\n\t\t\t\t<div class=\"elementor-element elementor-element-2c6f1ed elementor-widget__width-initial elementor-invisible elementor-widget elementor-widget-image-box\" data-id=\"2c6f1ed\" data-element_type=\"widget\" data-e-type=\"widget\" data-settings=\"{&quot;_animation&quot;:&quot;fadeInRight&quot;}\" data-widget_type=\"image-box.default\">\n\t\t\t\t\t<div class=\"elementor-image-box-wrapper\"><div class=\"elementor-image-box-content\"><h3 class=\"elementor-image-box-title\">About Us<\/h3><p class=\"elementor-image-box-description\">Firm specializing in criminal law advice\nto victims and strategic criminal defense\nfor individuals and legal entities.<\/p><\/div><\/div>\t\t\t\t<\/div>\n\t\t\t\t<div class=\"elementor-element elementor-element-05f600b elementor-widget__width-initial elementor-widget elementor-widget-heading\" data-id=\"05f600b\" data-element_type=\"widget\" data-e-type=\"widget\" data-widget_type=\"heading.default\">\n\t\t\t\t\t<h1 class=\"elementor-heading-title elementor-size-default\">MH Abogados\nPenalistas<\/h1>\t\t\t\t<\/div>\n\t\t\t\t\t<\/div>\n\t\t\t\t<\/div>\n\t\t<div class=\"elementor-element elementor-element-e462963 e-flex e-con-boxed e-con e-parent\" data-id=\"e462963\" data-element_type=\"container\" data-e-type=\"container\">\n\t\t\t\t\t<div class=\"e-con-inner\">\n\t\t\t\t<div class=\"elementor-element elementor-element-1ec82e6 elementor-widget elementor-widget-heading\" data-id=\"1ec82e6\" data-element_type=\"widget\" data-e-type=\"widget\" data-widget_type=\"heading.default\">\n\t\t\t\t\t<h2 class=\"elementor-heading-title elementor-size-default\">our services<\/h2>\t\t\t\t<\/div>\n\t\t\t\t<div class=\"elementor-element elementor-element-6a4ad82 elementor-widget elementor-widget-text-editor\" data-id=\"6a4ad82\" data-element_type=\"widget\" data-e-type=\"widget\" data-settings=\"{&quot;_animation&quot;:&quot;none&quot;}\" data-widget_type=\"text-editor.default\">\n\t\t\t\t\t\t\t\t\t<p>MH Criminal Defense Attorneys is a law firm exclusively dedicated to Criminal Law, composed of attorneys with rigorous training, ongoing education, and a strong ethical commitment. We stand out for offering personalized, technically sound, and strategic legal services focused on the effective resolution of complex criminal matters.<\/p>\t\t\t\t\t\t\t\t<\/div>\n\t\t\t\t<div class=\"elementor-element elementor-element-5ea7da4 elementor-widget elementor-widget-text-editor\" data-id=\"5ea7da4\" data-element_type=\"widget\" data-e-type=\"widget\" data-settings=\"{&quot;_animation&quot;:&quot;none&quot;}\" data-widget_type=\"text-editor.default\">\n\t\t\t\t\t\t\t\t\t<p>Unlike traditional or large-structure firms, MH Criminal Defense Attorneys operates under a focused and selective model. We take on a limited number of cases, which allows us to ensure in-depth analysis, direct involvement from our partners, and the development of legal strategies tailored to each client\u2019s specific legal situation.<\/p>\t\t\t\t\t\t\t\t<\/div>\n\t\t\t\t\t<\/div>\n\t\t\t\t<\/div>\n\t\t<div class=\"elementor-element elementor-element-5c23ffa e-flex e-con-boxed e-con e-parent\" data-id=\"5c23ffa\" data-element_type=\"container\" data-e-type=\"container\">\n\t\t\t\t\t<div class=\"e-con-inner\">\n\t\t\t\t<div class=\"elementor-element elementor-element-e47c52a elementor-widget__width-inherit elementor-widget elementor-widget-heading\" data-id=\"e47c52a\" data-element_type=\"widget\" data-e-type=\"widget\" data-widget_type=\"heading.default\">\n\t\t\t\t\t<h2 class=\"elementor-heading-title elementor-size-default\">Our Team<\/h2>\t\t\t\t<\/div>\n\t\t\t\t<div class=\"elementor-element elementor-element-4b08abb elementor-widget__width-initial elementor-position-top elementor-invisible elementor-widget elementor-widget-image-box\" data-id=\"4b08abb\" data-element_type=\"widget\" data-e-type=\"widget\" data-settings=\"{&quot;_animation&quot;:&quot;fadeInLeft&quot;}\" data-widget_type=\"image-box.default\">\n\t\t\t\t\t<div class=\"elementor-image-box-wrapper\"><figure class=\"elementor-image-box-img\"><img fetchpriority=\"high\" decoding=\"async\" width=\"577\" height=\"834\" src=\"https:\/\/mhpenalistas.com\/wp-content\/uploads\/2025\/11\/abogado_inicio_1.webp\" class=\"attachment-full size-full wp-image-371\" alt=\"\" srcset=\"https:\/\/mhpenalistas.com\/wp-content\/uploads\/2025\/11\/abogado_inicio_1.webp 577w, https:\/\/mhpenalistas.com\/wp-content\/uploads\/2025\/11\/abogado_inicio_1-208x300.webp 208w, https:\/\/mhpenalistas.com\/wp-content\/uploads\/2025\/11\/abogado_inicio_1-8x12.webp 8w\" sizes=\"(max-width: 577px) 100vw, 577px\" \/><\/figure><div class=\"elementor-image-box-content\"><h3 class=\"elementor-image-box-title\">Alejandro Montoya Hern\u00e1ndez<\/h3><p class=\"elementor-image-box-description\">Partner | Criminal Defense Attorney<\/p><\/div><\/div>\t\t\t\t<\/div>\n\t\t\t\t<div class=\"elementor-element elementor-element-62f33e6 elementor-widget__width-initial elementor-position-top elementor-invisible elementor-widget elementor-widget-image-box\" data-id=\"62f33e6\" data-element_type=\"widget\" data-e-type=\"widget\" data-settings=\"{&quot;_animation&quot;:&quot;fadeInRight&quot;}\" data-widget_type=\"image-box.default\">\n\t\t\t\t\t<div class=\"elementor-image-box-wrapper\"><figure class=\"elementor-image-box-img\"><img decoding=\"async\" width=\"577\" height=\"834\" src=\"https:\/\/mhpenalistas.com\/wp-content\/uploads\/2025\/11\/abogado_inicio_2.webp\" class=\"attachment-full size-full wp-image-372\" alt=\"\" srcset=\"https:\/\/mhpenalistas.com\/wp-content\/uploads\/2025\/11\/abogado_inicio_2.webp 577w, https:\/\/mhpenalistas.com\/wp-content\/uploads\/2025\/11\/abogado_inicio_2-208x300.webp 208w, https:\/\/mhpenalistas.com\/wp-content\/uploads\/2025\/11\/abogado_inicio_2-8x12.webp 8w\" sizes=\"(max-width: 577px) 100vw, 577px\" \/><\/figure><div class=\"elementor-image-box-content\"><h3 class=\"elementor-image-box-title\">Gerardo Montoya Hern\u00e1ndez<\/h3><p class=\"elementor-image-box-description\">Partner | Criminal Defense Attorney<\/p><\/div><\/div>\t\t\t\t<\/div>\n\t\t\t\t\t<\/div>\n\t\t\t\t<\/div>\n\t\t\t\t<\/div>","protected":false},"excerpt":{"rendered":"<p>Acerca de nosotros Firma especializada en la asesor\u00eda penal a v\u00edctimas y en la defensa penal estrat\u00e9gica de personas f\u00edsicas y jur\u00eddicas. MH Abogados Penalistas NUESTROS SERVICIOS MH Abogados Penalistas es una firma legal especializada exclusivamente en Derecho Penal, integrada por abogados con formaci\u00f3n rigurosa, actualizaci\u00f3n constante y compromiso \u00e9tico. Nos distinguimos por ofrecer una [&hellip;]<\/p>","protected":false},"author":1,"featured_media":314,"parent":0,"menu_order":0,"comment_status":"closed","ping_status":"closed","template":"","meta":{"footnotes":""},"class_list":["post-12","page","type-page","status-publish","has-post-thumbnail","hentry"],"yoast_head":"<!-- This site is optimized with the Yoast SEO plugin v27.4 - https:\/\/yoast.com\/product\/yoast-seo-wordpress\/ -->\n<title>Inicio - mhpenalistas.com<\/title>\n<meta name=\"robots\" content=\"index, follow, max-snippet:-1, max-image-preview:large, max-video-preview:-1\" \/>\n<link rel=\"canonical\" href=\"https:\/\/mhpenalistas.com\/en\/\" \/>\n<meta property=\"og:locale\" content=\"en_US\" \/>\n<meta property=\"og:type\" content=\"article\" \/>\n<meta property=\"og:title\" content=\"Inicio - mhpenalistas.com\" \/>\n<meta property=\"og:description\" content=\"Acerca de nosotros Firma especializada en la asesor\u00eda penal a v\u00edctimas y en la defensa penal estrat\u00e9gica de personas f\u00edsicas y jur\u00eddicas. MH Abogados Penalistas NUESTROS SERVICIOS MH Abogados Penalistas es una firma legal especializada exclusivamente en Derecho Penal, integrada por abogados con formaci\u00f3n rigurosa, actualizaci\u00f3n constante y compromiso \u00e9tico. Nos distinguimos por ofrecer una [&hellip;]\" \/>\n<meta property=\"og:url\" content=\"https:\/\/mhpenalistas.com\/en\/\" \/>\n<meta property=\"og:site_name\" content=\"mhpenalistas.com\" \/>\n<meta property=\"article:modified_time\" content=\"2025-11-19T19:42:51+00:00\" \/>\n<meta property=\"og:image\" content=\"https:\/\/mhpenalistas.com\/wp-content\/uploads\/2025\/11\/Slice-1.webp\" \/>\n\t<meta property=\"og:image:width\" content=\"1920\" \/>\n\t<meta property=\"og:image:height\" content=\"1080\" \/>\n\t<meta property=\"og:image:type\" content=\"image\/webp\" \/>\n<meta name=\"twitter:card\" content=\"summary_large_image\" \/>\n<meta name=\"twitter:label1\" content=\"Est. reading time\" \/>\n\t<meta name=\"twitter:data1\" content=\"2 minutes\" \/>\n<script type=\"application\/ld+json\" class=\"yoast-schema-graph\">{\"@context\":\"https:\\\/\\\/schema.org\",\"@graph\":[{\"@type\":\"WebPage\",\"@id\":\"https:\\\/\\\/mhpenalistas.com\\\/\",\"url\":\"https:\\\/\\\/mhpenalistas.com\\\/\",\"name\":\"Inicio - mhpenalistas.com\",\"isPartOf\":{\"@id\":\"https:\\\/\\\/mhpenalistas.com\\\/#website\"},\"primaryImageOfPage\":{\"@id\":\"https:\\\/\\\/mhpenalistas.com\\\/#primaryimage\"},\"image\":{\"@id\":\"https:\\\/\\\/mhpenalistas.com\\\/#primaryimage\"},\"thumbnailUrl\":\"https:\\\/\\\/mhpenalistas.com\\\/wp-content\\\/uploads\\\/2025\\\/11\\\/Slice-1.webp\",\"datePublished\":\"2025-11-13T22:21:06+00:00\",\"dateModified\":\"2025-11-19T19:42:51+00:00\",\"breadcrumb\":{\"@id\":\"https:\\\/\\\/mhpenalistas.com\\\/#breadcrumb\"},\"inLanguage\":\"en-US\",\"potentialAction\":[{\"@type\":\"ReadAction\",\"target\":[\"https:\\\/\\\/mhpenalistas.com\\\/\"]}]},{\"@type\":\"ImageObject\",\"inLanguage\":\"en-US\",\"@id\":\"https:\\\/\\\/mhpenalistas.com\\\/#primaryimage\",\"url\":\"https:\\\/\\\/mhpenalistas.com\\\/wp-content\\\/uploads\\\/2025\\\/11\\\/Slice-1.webp\",\"contentUrl\":\"https:\\\/\\\/mhpenalistas.com\\\/wp-content\\\/uploads\\\/2025\\\/11\\\/Slice-1.webp\",\"width\":1920,\"height\":1080},{\"@type\":\"BreadcrumbList\",\"@id\":\"https:\\\/\\\/mhpenalistas.com\\\/#breadcrumb\",\"itemListElement\":[{\"@type\":\"ListItem\",\"position\":1,\"name\":\"Portada\",\"item\":\"https:\\\/\\\/mhpenalistas.com\\\/\"},{\"@type\":\"ListItem\",\"position\":2,\"name\":\"Inicio\"}]},{\"@type\":\"WebSite\",\"@id\":\"https:\\\/\\\/mhpenalistas.com\\\/#website\",\"url\":\"https:\\\/\\\/mhpenalistas.com\\\/\",\"name\":\"mhpenalistas.com\",\"description\":\"\",\"potentialAction\":[{\"@type\":\"SearchAction\",\"target\":{\"@type\":\"EntryPoint\",\"urlTemplate\":\"https:\\\/\\\/mhpenalistas.com\\\/?s={search_term_string}\"},\"query-input\":{\"@type\":\"PropertyValueSpecification\",\"valueRequired\":true,\"valueName\":\"search_term_string\"}}],\"inLanguage\":\"en-US\"}]}<\/script>\n<!-- \/ Yoast SEO plugin. -->","yoast_head_json":{"title":"Inicio - mhpenalistas.com","robots":{"index":"index","follow":"follow","max-snippet":"max-snippet:-1","max-image-preview":"max-image-preview:large","max-video-preview":"max-video-preview:-1"},"canonical":"https:\/\/mhpenalistas.com\/en\/","og_locale":"en_US","og_type":"article","og_title":"Inicio - mhpenalistas.com","og_description":"Acerca de nosotros Firma especializada en la asesor\u00eda penal a v\u00edctimas y en la defensa penal estrat\u00e9gica de personas f\u00edsicas y jur\u00eddicas. MH Abogados Penalistas NUESTROS SERVICIOS MH Abogados Penalistas es una firma legal especializada exclusivamente en Derecho Penal, integrada por abogados con formaci\u00f3n rigurosa, actualizaci\u00f3n constante y compromiso \u00e9tico. Nos distinguimos por ofrecer una [&hellip;]","og_url":"https:\/\/mhpenalistas.com\/en\/","og_site_name":"mhpenalistas.com","article_modified_time":"2025-11-19T19:42:51+00:00","og_image":[{"width":1920,"height":1080,"url":"https:\/\/mhpenalistas.com\/wp-content\/uploads\/2025\/11\/Slice-1.webp","type":"image\/webp"}],"twitter_card":"summary_large_image","twitter_misc":{"Est. reading time":"2 minutes"},"schema":{"@context":"https:\/\/schema.org","@graph":[{"@type":"WebPage","@id":"https:\/\/mhpenalistas.com\/","url":"https:\/\/mhpenalistas.com\/","name":"Inicio - mhpenalistas.com","isPartOf":{"@id":"https:\/\/mhpenalistas.com\/#website"},"primaryImageOfPage":{"@id":"https:\/\/mhpenalistas.com\/#primaryimage"},"image":{"@id":"https:\/\/mhpenalistas.com\/#primaryimage"},"thumbnailUrl":"https:\/\/mhpenalistas.com\/wp-content\/uploads\/2025\/11\/Slice-1.webp","datePublished":"2025-11-13T22:21:06+00:00","dateModified":"2025-11-19T19:42:51+00:00","breadcrumb":{"@id":"https:\/\/mhpenalistas.com\/#breadcrumb"},"inLanguage":"en-US","potentialAction":[{"@type":"ReadAction","target":["https:\/\/mhpenalistas.com\/"]}]},{"@type":"ImageObject","inLanguage":"en-US","@id":"https:\/\/mhpenalistas.com\/#primaryimage","url":"https:\/\/mhpenalistas.com\/wp-content\/uploads\/2025\/11\/Slice-1.webp","contentUrl":"https:\/\/mhpenalistas.com\/wp-content\/uploads\/2025\/11\/Slice-1.webp","width":1920,"height":1080},{"@type":"BreadcrumbList","@id":"https:\/\/mhpenalistas.com\/#breadcrumb","itemListElement":[{"@type":"ListItem","position":1,"name":"Portada","item":"https:\/\/mhpenalistas.com\/"},{"@type":"ListItem","position":2,"name":"Inicio"}]},{"@type":"WebSite","@id":"https:\/\/mhpenalistas.com\/#website","url":"https:\/\/mhpenalistas.com\/","name":"mhpenalistas.com","description":"","potentialAction":[{"@type":"SearchAction","target":{"@type":"EntryPoint","urlTemplate":"https:\/\/mhpenalistas.com\/?s={search_term_string}"},"query-input":{"@type":"PropertyValueSpecification","valueRequired":true,"valueName":"search_term_string"}}],"inLanguage":"en-US"}]}},"_links":{"self":[{"href":"https:\/\/mhpenalistas.com\/en\/wp-json\/wp\/v2\/pages\/12","targetHints":{"allow":["GET"]}}],"collection":[{"href":"https:\/\/mhpenalistas.com\/en\/wp-json\/wp\/v2\/pages"}],"about":[{"href":"https:\/\/mhpenalistas.com\/en\/wp-json\/wp\/v2\/types\/page"}],"author":[{"embeddable":true,"href":"https:\/\/mhpenalistas.com\/en\/wp-json\/wp\/v2\/users\/1"}],"replies":[{"embeddable":true,"href":"https:\/\/mhpenalistas.com\/en\/wp-json\/wp\/v2\/comments?post=12"}],"version-history":[{"count":98,"href":"https:\/\/mhpenalistas.com\/en\/wp-json\/wp\/v2\/pages\/12\/revisions"}],"predecessor-version":[{"id":375,"href":"https:\/\/mhpenalistas.com\/en\/wp-json\/wp\/v2\/pages\/12\/revisions\/375"}],"wp:featuredmedia":[{"embeddable":true,"href":"https:\/\/mhpenalistas.com\/en\/wp-json\/wp\/v2\/media\/314"}],"wp:attachment":[{"href":"https:\/\/mhpenalistas.com\/en\/wp-json\/wp\/v2\/media?parent=12"}],"curies":[{"name":"wp","href":"https:\/\/api.w.org\/{rel}","templated":true}]}}